{"id":2404,"date":"2026-01-16T14:56:30","date_gmt":"2026-01-16T13:56:30","guid":{"rendered":"https:\/\/manoid.fr\/?page_id=2404"},"modified":"2026-02-25T16:04:00","modified_gmt":"2026-02-25T15:04:00","slug":"investisseurs","status":"publish","type":"page","link":"https:\/\/manoid.fr\/en\/investisseurs\/","title":{"rendered":"Investors"},"content":{"rendered":"<div data-elementor-type=\"wp-page\" data-elementor-id=\"2404\" class=\"elementor elementor-2404\" data-elementor-post-type=\"page\">\n\t\t\t\t<div class=\"elementor-element elementor-element-672e780 e-flex e-con-boxed e-con e-parent\" data-id=\"672e780\" data-element_type=\"container\" data-e-type=\"container\">\n\t\t\t\t\t<div class=\"e-con-inner\">\n\t\t\t\t<div class=\"elementor-element elementor-element-a60dd63 elementor-widget__width-initial elementor-widget elementor-widget-image\" data-id=\"a60dd63\" data-element_type=\"widget\" data-e-type=\"widget\" data-widget_type=\"image.default\">\n\t\t\t\t<div class=\"elementor-widget-container\">\n\t\t\t\t\t\t\t\t\t\t\t\t\t\t\t<img decoding=\"async\" src=\"http:\/\/manoid.fr\/wp-content\/uploads\/2026\/01\/running.jpg\" title=\"Investors\" alt=\"Running\" loading=\"lazy\">\t\t\t\t\t\t\t\t\t\t\t\t\t\t\t<\/div>\n\t\t\t\t<\/div>\n\t\t\t\t\t<\/div>\n\t\t\t\t<\/div>\n\t\t<div class=\"elementor-element elementor-element-dff6256 e-flex e-con-boxed e-con e-parent\" data-id=\"dff6256\" data-element_type=\"container\" data-e-type=\"container\">\n\t\t\t\t\t<div class=\"e-con-inner\">\n\t\t\t\t<div class=\"elementor-element elementor-element-304c579 elementor-widget elementor-widget-text-editor\" data-id=\"304c579\" data-element_type=\"widget\" data-e-type=\"widget\" data-widget_type=\"text-editor.default\">\n\t\t\t\t<div class=\"elementor-widget-container\">\n\t\t\t\t\t\t\t\t\t<p><strong>Invest in MANOID<\/strong><br \/><em>Innovative industrial technology serving tomorrow\u2019s challenges.<\/em><\/p><p><strong>About us <\/strong><\/p><p class=\"translation-block\"><strong>MANOID<\/strong> is a French industrial company specialising in innovative technical solutions designed to meet the challenges of performance, safety and sustainability in installations.<\/p><p>Drawing on strong technical expertise and an innovation-driven approach, MANOID develops high value-added solutions for markets with a growing demand for reliability and modernisation.<\/p><p><strong>Vision &amp; ambition<\/strong><\/p><p><strong>Our vision<\/strong><br \/>To support the transformation of industrial infrastructure by delivering solutions that are more efficient, safer and more sustainable.<\/p><p><strong>Our ambition<\/strong><br \/>To accelerate our development in France and internationally, strengthen our innovation capabilities, and build sustainable long-term growth.<\/p><p><strong>Why MANOID ?<\/strong><\/p><ul><li>\u2705 <strong>Growing market:<\/strong> increasing needs for modernisation, safety and operational performance<\/li><li>\u2705 <strong>Differentiating technology<\/strong> : in-house developed solutions with strong technical added value<\/li><li>\u2705 <strong>Industrial expertise<\/strong> : full control from design through to implementation<\/li><li>\u2705 <strong>Growth potential<\/strong> : commercial expansion, new markets, continuous innovation<\/li><li>\u2705 <strong>Entreprise fran\u00e7aise<\/strong> avec une vision long terme<\/li><\/ul><p><strong>Development Focus<\/strong><\/p><p>Investments are intended to support:<\/p><ul><li>the development of new solutions and technologies<\/li><li>the acceleration of commercial deployment<\/li><li>strengthening our presence in new markets<\/li><li>structuring the organisation to support growth<\/li><\/ul><p><strong>Governance &amp; Values <\/strong><\/p><p>MANOID relies on a committed management team combining technical expertise, strategic vision and strong operational experience.<\/p><p>Our values : <strong>innovation, reliability, commitment and transparency.<\/strong>.<\/p><p><strong>Would you like to know more?\nIf you are interested in becoming part of the Mano\u00efd journey and investing in the deployment of this technology, please contact us here:<\/strong><\/p><p>We carefully consider partnership and investment opportunities aligned with our vision.<\/p><p>\ud83d\udce9 <em>Investor Contact:<\/em> :<\/p>\t\t\t\t\t\t\t\t<\/div>\n\t\t\t\t<\/div>\n\t\t\t\t\t<\/div>\n\t\t\t\t<\/div>\n\t\t<div class=\"elementor-element elementor-element-c9ba4bc e-flex e-con-boxed e-con e-parent\" data-id=\"c9ba4bc\" data-element_type=\"container\" data-e-type=\"container\">\n\t\t\t\t\t<div class=\"e-con-inner\">\n\t\t\t\t<div class=\"elementor-element elementor-element-0190d09 elementor-widget elementor-widget-button\" data-id=\"0190d09\" data-element_type=\"widget\" data-e-type=\"widget\" data-widget_type=\"button.default\">\n\t\t\t\t<div class=\"elementor-widget-container\">\n\t\t\t\t\t\t\t\t\t<div class=\"elementor-button-wrapper\">\n\t\t\t\t\t<a class=\"elementor-button elementor-button-link elementor-size-sm\" href=\"https:\/\/manoid.fr\/en\/contact\/\" id=\"contact investisseurs\">\n\t\t\t\t\t\t<span class=\"elementor-button-content-wrapper\">\n\t\t\t\t\t\t<span class=\"elementor-button-icon\">\n\t\t\t\t<i aria-hidden=\"true\" class=\"far fa-handshake\"><\/i>\t\t\t<\/span>\n\t\t\t\t\t\t\t\t\t<span class=\"elementor-button-text\">Investor Contact:<\/span>\n\t\t\t\t\t<\/span>\n\t\t\t\t\t<\/a>\n\t\t\t\t<\/div>\n\t\t\t\t\t\t\t\t<\/div>\n\t\t\t\t<\/div>\n\t\t\t\t\t<\/div>\n\t\t\t\t<\/div>\n\t\t\t\t<\/div>","protected":false},"excerpt":{"rendered":"<p>Investir dans MANOIDUne technologie industrielle innovante au service des enjeux de demain. Pr\u00e9sentation MANOID est une entreprise industrielle fran\u00e7aise sp\u00e9cialis\u00e9e dans des solutions techniques innovantes, con\u00e7ues pour r\u00e9pondre aux enjeux de performance, de s\u00e9curit\u00e9 et de durabilit\u00e9 des installations. Forte de son savoir-faire technique et de son approche orient\u00e9e innovation, MANOID d\u00e9veloppe des solutions \u00e0 [&hellip;]<\/p>\n","protected":false},"author":1,"featured_media":0,"parent":0,"menu_order":0,"comment_status":"closed","ping_status":"closed","template":"","meta":{"site-sidebar-layout":"no-sidebar","site-content-layout":"page-builder","ast-site-content-layout":"full-width-container","site-content-style":"default","site-sidebar-style":"default","ast-global-header-display":"","ast-banner-title-visibility":"","ast-main-header-display":"","ast-hfb-above-header-display":"","ast-hfb-below-header-display":"","ast-hfb-mobile-header-display":"","site-post-title":"disabled","ast-breadcrumbs-content":"","ast-featured-img":"disabled","footer-sml-layout":"","ast-disable-related-posts":"","theme-transparent-header-meta":"","adv-header-id-meta":"","stick-header-meta":"","header-above-stick-meta":"","header-main-stick-meta":"","header-below-stick-meta":"","astra-migrate-meta-layouts":"set","ast-page-background-enabled":"default","ast-page-background-meta":{"desktop":{"background-color":"var(--ast-global-color-4)","background-image":"","background-repeat":"repeat","background-position":"center center","background-size":"auto","background-attachment":"scroll","background-type":"","background-media":"","overlay-type":"","overlay-color":"","overlay-opacity":"","overlay-gradient":""},"tablet":{"background-color":"","background-image":"","background-repeat":"repeat","background-position":"center center","background-size":"auto","background-attachment":"scroll","background-type":"","background-media":"","overlay-type":"","overlay-color":"","overlay-opacity":"","overlay-gradient":""},"mobile":{"background-color":"","background-image":"","background-repeat":"repeat","background-position":"center center","background-size":"auto","background-attachment":"scroll","background-type":"","background-media":"","overlay-type":"","overlay-color":"","overlay-opacity":"","overlay-gradient":""}},"ast-content-background-meta":{"desktop":{"background-color":"var(--ast-global-color-5)","background-image":"","background-repeat":"repeat","background-position":"center center","background-size":"auto","background-attachment":"scroll","background-type":"","background-media":"","overlay-type":"","overlay-color":"","overlay-opacity":"","overlay-gradient":""},"tablet":{"background-color":"var(--ast-global-color-5)","background-image":"","background-repeat":"repeat","background-position":"center center","background-size":"auto","background-attachment":"scroll","background-type":"","background-media":"","overlay-type":"","overlay-color":"","overlay-opacity":"","overlay-gradient":""},"mobile":{"background-color":"var(--ast-global-color-5)","background-image":"","background-repeat":"repeat","background-position":"center center","background-size":"auto","background-attachment":"scroll","background-type":"","background-media":"","overlay-type":"","overlay-color":"","overlay-opacity":"","overlay-gradient":""}},"footnotes":""},"class_list":["post-2404","page","type-page","status-publish","hentry"],"_links":{"self":[{"href":"https:\/\/manoid.fr\/en\/wp-json\/wp\/v2\/pages\/2404","targetHints":{"allow":["GET"]}}],"collection":[{"href":"https:\/\/manoid.fr\/en\/wp-json\/wp\/v2\/pages"}],"about":[{"href":"https:\/\/manoid.fr\/en\/wp-json\/wp\/v2\/types\/page"}],"author":[{"embeddable":true,"href":"https:\/\/manoid.fr\/en\/wp-json\/wp\/v2\/users\/1"}],"replies":[{"embeddable":true,"href":"https:\/\/manoid.fr\/en\/wp-json\/wp\/v2\/comments?post=2404"}],"version-history":[{"count":11,"href":"https:\/\/manoid.fr\/en\/wp-json\/wp\/v2\/pages\/2404\/revisions"}],"predecessor-version":[{"id":2628,"href":"https:\/\/manoid.fr\/en\/wp-json\/wp\/v2\/pages\/2404\/revisions\/2628"}],"wp:attachment":[{"href":"https:\/\/manoid.fr\/en\/wp-json\/wp\/v2\/media?parent=2404"}],"curies":[{"name":"wp","href":"https:\/\/api.w.org\/{rel}","templated":true}]}}