{"id":2524,"date":"2026-02-04T16:18:14","date_gmt":"2026-02-04T15:18:14","guid":{"rendered":"https:\/\/manoid.fr\/?page_id=2524"},"modified":"2026-04-29T15:44:15","modified_gmt":"2026-04-29T13:44:15","slug":"backpack-metiers","status":"publish","type":"page","link":"https:\/\/manoid.fr\/en\/backpack-metiers\/","title":{"rendered":"Professional BackPacks"},"content":{"rendered":"<div data-elementor-type=\"wp-page\" data-elementor-id=\"2524\" class=\"elementor elementor-2524\" data-elementor-post-type=\"page\">\n\t\t\t\t<div class=\"elementor-element elementor-element-fd960c0 e-flex e-con-boxed e-con e-parent\" data-id=\"fd960c0\" data-element_type=\"container\" data-e-type=\"container\" data-settings=\"{&quot;background_background&quot;:&quot;classic&quot;}\">\n\t\t\t\t\t<div class=\"e-con-inner\">\n\t\t<div class=\"elementor-element elementor-element-39704b5 e-flex e-con-boxed e-con e-child\" data-id=\"39704b5\" data-element_type=\"container\" data-e-type=\"container\">\n\t\t\t\t\t<div class=\"e-con-inner\">\n\t\t\t\t<div class=\"elementor-element elementor-element-361d06b elementor-widget elementor-widget-heading\" data-id=\"361d06b\" data-element_type=\"widget\" data-e-type=\"widget\" data-widget_type=\"heading.default\">\n\t\t\t\t<div class=\"elementor-widget-container\">\n\t\t\t\t\t<h1 class=\"elementor-heading-title elementor-size-default\">Professional BackPacks<\/h1>\t\t\t\t<\/div>\n\t\t\t\t<\/div>\n\t\t\t\t\t<\/div>\n\t\t\t\t<\/div>\n\t\t\t\t\t<\/div>\n\t\t\t\t<\/div>\n\t\t<div class=\"elementor-element elementor-element-56626ef e-flex e-con-boxed e-con e-parent\" data-id=\"56626ef\" data-element_type=\"container\" data-e-type=\"container\">\n\t\t\t\t\t<div class=\"e-con-inner\">\n\t\t<div class=\"elementor-element elementor-element-579d47d e-con-full e-flex e-con e-child\" data-id=\"579d47d\" data-element_type=\"container\" data-e-type=\"container\">\n\t\t\t\t<div class=\"elementor-element elementor-element-78819ad elementor-widget elementor-widget-image\" data-id=\"78819ad\" data-element_type=\"widget\" data-e-type=\"widget\" data-widget_type=\"image.default\">\n\t\t\t\t<div class=\"elementor-widget-container\">\n\t\t\t\t\t\t\t\t\t\t\t\t\t\t\t<img fetchpriority=\"high\" decoding=\"async\" width=\"2528\" height=\"1684\" src=\"https:\/\/manoid.fr\/wp-content\/uploads\/2026\/04\/sentinelleMQ02_0426.png\" class=\"attachment-full size-full wp-image-2646\" alt=\"sentinellemq02 0426\" srcset=\"https:\/\/manoid.fr\/wp-content\/uploads\/2026\/04\/sentinelleMQ02_0426.png 2528w, https:\/\/manoid.fr\/wp-content\/uploads\/2026\/04\/sentinelleMQ02_0426-300x200.png 300w, https:\/\/manoid.fr\/wp-content\/uploads\/2026\/04\/sentinelleMQ02_0426-1024x682.png 1024w, https:\/\/manoid.fr\/wp-content\/uploads\/2026\/04\/sentinelleMQ02_0426-768x512.png 768w, https:\/\/manoid.fr\/wp-content\/uploads\/2026\/04\/sentinelleMQ02_0426-1536x1023.png 1536w, https:\/\/manoid.fr\/wp-content\/uploads\/2026\/04\/sentinelleMQ02_0426-2048x1364.png 2048w, https:\/\/manoid.fr\/wp-content\/uploads\/2026\/04\/sentinelleMQ02_0426-18x12.png 18w\" sizes=\"(max-width: 2528px) 100vw, 2528px\" title=\"Professional BackPacks\">\t\t\t\t\t\t\t\t\t\t\t\t\t\t\t<\/div>\n\t\t\t\t<\/div>\n\t\t\t\t<\/div>\n\t\t<div class=\"elementor-element elementor-element-2dbecdd e-con-full e-flex e-con e-child\" data-id=\"2dbecdd\" data-element_type=\"container\" data-e-type=\"container\">\n\t\t\t\t<div class=\"elementor-element elementor-element-65c3110 elementor-widget elementor-widget-heading\" data-id=\"65c3110\" data-element_type=\"widget\" data-e-type=\"widget\" data-widget_type=\"heading.default\">\n\t\t\t\t<div class=\"elementor-widget-container\">\n\t\t\t\t\t<h4 class=\"elementor-heading-title elementor-size-default\">Sentinel Pack<\/h4>\t\t\t\t<\/div>\n\t\t\t\t<\/div>\n\t\t\t\t<div class=\"elementor-element elementor-element-fc36812 elementor-widget__width-initial elementor-widget elementor-widget-text-editor\" data-id=\"fc36812\" data-element_type=\"widget\" data-e-type=\"widget\" data-widget_type=\"text-editor.default\">\n\t\t\t\t<div class=\"elementor-widget-container\">\n\t\t\t\t\t\t\t\t\t<p><b>The Sentinel Pack: industrial security enters the robotic era!<\/b><\/p><p class=\"translation-block\">Industrial sites today require continuous, reliable and responsive monitoring, including in complex or high-risk environments.<\/p><p>\ud83d\udc49 C\u2019est pour r\u00e9pondre \u00e0 ces enjeux que nous avons con\u00e7u le <b>Sentinel Pack<\/b>, une solution de <b>robot de s\u00e9curit\u00e9 autonome MQ02<\/b>, d\u00e9di\u00e9e aux soci\u00e9t\u00e9s de gardiennage et de s\u00e9curit\u00e9.<\/p><p class=\"translation-block\"><br><strong>MQ02<\/strong> equipped with the Mobile Sentinel Backpack for industrial sites: <\/b><br>Equipped for deterrence, detection and early intervention:<\/p><ul><li class=\"translation-block\"><b>360\u00b0 Lidar<\/b> for navigation and anomaly detection<\/li><li class=\"translation-block\"><b>Optical &amp; thermal camera<\/b> for day\/night surveillance<\/li><li><b>4-in-1 loudspeaker module<\/b> for voice messages and deterrence<\/li><li><b>High-power spotlight &amp; flash<\/b> for lighting and visual alerts<\/li><li class=\"translation-block\"><b>Mobility and <\/b><b>agility<\/b> for difficult terrain<\/li><li>Operates in wet, dark or confined environments<\/li><\/ul><p><b>Benefits for security companies:<\/b><\/p><ul><li>Strengthen human patrols without replacing them<\/li><li>Extend surveillance coverage 24\/7<\/li><li>Reduce personnel exposure to high-risk areas<\/li><li class=\"translation-block\">Bring an <b>innovative and distinctive<\/b> image to your industrial customers<\/li><\/ul>\t\t\t\t\t\t\t\t<\/div>\n\t\t\t\t<\/div>\n\t\t\t\t<div class=\"elementor-element elementor-element-103d605 elementor-widget elementor-widget-heading\" data-id=\"103d605\" data-element_type=\"widget\" data-e-type=\"widget\" data-widget_type=\"heading.default\">\n\t\t\t\t<div class=\"elementor-widget-container\">\n\t\t\t\t\t<h3 class=\"elementor-heading-title elementor-size-default\">Please contact us for any quotation requests.<\/h3>\t\t\t\t<\/div>\n\t\t\t\t<\/div>\n\t\t\t\t<div class=\"elementor-element elementor-element-c2d696e elementor-widget elementor-widget-button\" data-id=\"c2d696e\" data-element_type=\"widget\" data-e-type=\"widget\" data-widget_type=\"button.default\">\n\t\t\t\t<div class=\"elementor-widget-container\">\n\t\t\t\t\t\t\t\t\t<div class=\"elementor-button-wrapper\">\n\t\t\t\t\t<a class=\"elementor-button elementor-button-link elementor-size-sm elementor-animation-pulse-shrink\" href=\"https:\/\/manoid.fr\/en\/contact\/\" target=\"_blank\" id=\"contact\">\n\t\t\t\t\t\t<span class=\"elementor-button-content-wrapper\">\n\t\t\t\t\t\t\t\t\t<span class=\"elementor-button-text\">contact<\/span>\n\t\t\t\t\t<\/span>\n\t\t\t\t\t<\/a>\n\t\t\t\t<\/div>\n\t\t\t\t\t\t\t\t<\/div>\n\t\t\t\t<\/div>\n\t\t\t\t<\/div>\n\t\t\t\t\t<\/div>\n\t\t\t\t<\/div>\n\t\t\t\t<\/div>","protected":false},"excerpt":{"rendered":"<p>Backpacks M\u00e9tiers Pack Sentinelle Le Pack Sentinelle : la s\u00e9curit\u00e9 industrielle passe \u00e0 l\u2019\u00e8re robotique ! Les sites industriels exigent aujourd\u2019hui une surveillance continue, fiable et r\u00e9active, y compris dans des environnements complexes ou \u00e0 risque. \ud83d\udc49 C\u2019est pour r\u00e9pondre \u00e0 ces enjeux que nous avons con\u00e7u le Pack Sentinelle, une solution de robot de [&hellip;]<\/p>\n","protected":false},"author":1,"featured_media":0,"parent":0,"menu_order":0,"comment_status":"closed","ping_status":"closed","template":"","meta":{"site-sidebar-layout":"no-sidebar","site-content-layout":"page-builder","ast-site-content-layout":"full-width-container","site-content-style":"default","site-sidebar-style":"default","ast-global-header-display":"","ast-banner-title-visibility":"","ast-main-header-display":"","ast-hfb-above-header-display":"","ast-hfb-below-header-display":"","ast-hfb-mobile-header-display":"","site-post-title":"disabled","ast-breadcrumbs-content":"","ast-featured-img":"disabled","footer-sml-layout":"","ast-disable-related-posts":"","theme-transparent-header-meta":"","adv-header-id-meta":"","stick-header-meta":"","header-above-stick-meta":"","header-main-stick-meta":"","header-below-stick-meta":"","astra-migrate-meta-layouts":"set","ast-page-background-enabled":"default","ast-page-background-meta":{"desktop":{"background-color":"var(--ast-global-color-4)","background-image":"","background-repeat":"repeat","background-position":"center center","background-size":"auto","background-attachment":"scroll","background-type":"","background-media":"","overlay-type":"","overlay-color":"","overlay-opacity":"","overlay-gradient":""},"tablet":{"background-color":"","background-image":"","background-repeat":"repeat","background-position":"center center","background-size":"auto","background-attachment":"scroll","background-type":"","background-media":"","overlay-type":"","overlay-color":"","overlay-opacity":"","overlay-gradient":""},"mobile":{"background-color":"","background-image":"","background-repeat":"repeat","background-position":"center center","background-size":"auto","background-attachment":"scroll","background-type":"","background-media":"","overlay-type":"","overlay-color":"","overlay-opacity":"","overlay-gradient":""}},"ast-content-background-meta":{"desktop":{"background-color":"var(--ast-global-color-5)","background-image":"","background-repeat":"repeat","background-position":"center center","background-size":"auto","background-attachment":"scroll","background-type":"","background-media":"","overlay-type":"","overlay-color":"","overlay-opacity":"","overlay-gradient":""},"tablet":{"background-color":"var(--ast-global-color-5)","background-image":"","background-repeat":"repeat","background-position":"center center","background-size":"auto","background-attachment":"scroll","background-type":"","background-media":"","overlay-type":"","overlay-color":"","overlay-opacity":"","overlay-gradient":""},"mobile":{"background-color":"var(--ast-global-color-5)","background-image":"","background-repeat":"repeat","background-position":"center center","background-size":"auto","background-attachment":"scroll","background-type":"","background-media":"","overlay-type":"","overlay-color":"","overlay-opacity":"","overlay-gradient":""}},"footnotes":""},"class_list":["post-2524","page","type-page","status-publish","hentry"],"_links":{"self":[{"href":"https:\/\/manoid.fr\/en\/wp-json\/wp\/v2\/pages\/2524","targetHints":{"allow":["GET"]}}],"collection":[{"href":"https:\/\/manoid.fr\/en\/wp-json\/wp\/v2\/pages"}],"about":[{"href":"https:\/\/manoid.fr\/en\/wp-json\/wp\/v2\/types\/page"}],"author":[{"embeddable":true,"href":"https:\/\/manoid.fr\/en\/wp-json\/wp\/v2\/users\/1"}],"replies":[{"embeddable":true,"href":"https:\/\/manoid.fr\/en\/wp-json\/wp\/v2\/comments?post=2524"}],"version-history":[{"count":14,"href":"https:\/\/manoid.fr\/en\/wp-json\/wp\/v2\/pages\/2524\/revisions"}],"predecessor-version":[{"id":2650,"href":"https:\/\/manoid.fr\/en\/wp-json\/wp\/v2\/pages\/2524\/revisions\/2650"}],"wp:attachment":[{"href":"https:\/\/manoid.fr\/en\/wp-json\/wp\/v2\/media?parent=2524"}],"curies":[{"name":"wp","href":"https:\/\/api.w.org\/{rel}","templated":true}]}}